{"id":2,"date":"2022-06-08T14:47:28","date_gmt":"2022-06-08T14:47:28","guid":{"rendered":"https:\/\/www.leasefactory.de\/2022\/?page_id=2"},"modified":"2022-11-07T09:45:30","modified_gmt":"2022-11-07T09:45:30","slug":"sample-page","status":"publish","type":"page","link":"https:\/\/www.leasefactory.de\/","title":{"rendered":"LEASEFACTORY"},"content":{"rendered":"[et_pb_section fb_built=&#8220;1&#8243; admin_label=&#8220;section&#8220; _builder_version=&#8220;4.16&#8243; global_colors_info=&#8220;{}&#8220;][et_pb_row admin_label=&#8220;row&#8220; _builder_version=&#8220;4.16&#8243; background_size=&#8220;initial&#8220; background_position=&#8220;top_left&#8220; background_repeat=&#8220;repeat&#8220; global_colors_info=&#8220;{}&#8220;][et_pb_column type=&#8220;4_4&#8243; _builder_version=&#8220;4.16&#8243; custom_padding=&#8220;|||&#8220; global_colors_info=&#8220;{}&#8220; custom_padding__hover=&#8220;|||&#8220;][et_pb_text admin_label=&#8220;Text&#8220; _builder_version=&#8220;4.16&#8243; background_size=&#8220;initial&#8220; background_position=&#8220;top_left&#8220; background_repeat=&#8220;repeat&#8220; global_colors_info=&#8220;{}&#8220;]<p><\/p>\n<p><strong>Wir arbeiten an unserer Homepage!<\/strong><\/p>\n<p><\/p>\n<p><\/p>\n<p>Herzlich willkommen bei der <strong>leasefactory<\/strong> \u2013 Ihrem Partner f\u00fcr <strong>Leasing<\/strong>, <strong>Mietkauf<\/strong> und <strong>Factoring<\/strong>!<br \/>Wir arbeiten daran, unseren Auftritt im Internet f\u00fcr Sie so informativ wie m\u00f6glich zu gestalten. Bis wir soweit sind, erreichen Sie uns entweder \u00fcber das <a href=\"https:\/\/web.archive.org\/web\/20180119181841\/http:\/www.leasefactory.de\/service\/kontakt.html\">Kontaktformular<\/a> oder direkt:<\/p>\n<p><\/p>\n<p><\/p>\n<figure class=\"wp-block-table\">\n<table style=\"width: 1079px;\">\n<tbody>\n<tr>\n<td style=\"width: 1079px;\">\n<p><strong>Christian<\/strong> <strong>Hartmann<\/strong><br \/>Wildenfelser Stra\u00dfe 2<br \/>81249 M\u00fcnchen<br \/>FON 0177 | 301 25 48<\/p>\n<p>Christian Hartmann c.hartmann@leasefactory.de<\/p>\n<\/td>\n<\/tr>\n<\/tbody>\n<\/table>\n<\/figure>\n<p><\/p>[\/et_pb_text][\/et_pb_column][\/et_pb_row][\/et_pb_section]","protected":false},"excerpt":{"rendered":"<p>Wir arbeiten an unserer Homepage! Herzlich willkommen bei der leasefactory \u2013 Ihrem Partner f\u00fcr Leasing, Mietkauf und Factoring!Wir arbeiten daran, unseren Auftritt im Internet f\u00fcr Sie so informativ wie m\u00f6glich zu gestalten. Bis wir soweit sind, erreichen Sie uns entweder \u00fcber das Kontaktformular oder direkt: Christian HartmannWildenfelser Stra\u00dfe 281249 M\u00fcnchenFON 0177 | 301 25 48 [&hellip;]<\/p>\n","protected":false},"author":1,"featured_media":0,"parent":0,"menu_order":0,"comment_status":"closed","ping_status":"closed","template":"","meta":{"_et_pb_use_builder":"on","_et_pb_old_content":"<!-- wp:heading -->\n<h2>Wir arbeiten an unserer Homepage!<\/h2>\n<!-- \/wp:heading -->\n\n<!-- wp:paragraph -->\n<p>Herzlich willkommen bei der <strong>leasefactory<\/strong> - Ihrem Partner f\u00fcr <strong>Leasing<\/strong>, <strong>Mietkauf<\/strong> und <strong>Factoring<\/strong>!<br>Wir arbeiten daran, unseren Auftritt im Internet f\u00fcr Sie so informativ wie m\u00f6glich zu gestalten. Bis wir soweit sind, erreichen Sie uns entweder \u00fcber das <a href=\"https:\/\/web.archive.org\/web\/20180119181841\/http:\/\/www.leasefactory.de\/service\/kontakt.html\">Kontaktformular<\/a> oder direkt:<\/p>\n<!-- \/wp:paragraph -->\n\n<!-- wp:table -->\n<figure class=\"wp-block-table\"><table><tbody><tr><td><strong>Thomas Hartmann<\/strong><br>Wildenfelser Stra\u00dfe 2<br>81249 M\u00fcnchen<br>FON 089 | 58 99 96 92<br>FAX 089 | 58 99 96 93<br><a href=\"javascript:linkTo_UnCryptMailto('nbjmup+uipnbt\/ibsunbooAmfbtfgbdupsz\/ef');\">thomas.hartmann(at)leasefactory.de<\/a><\/td><\/tr><\/tbody><\/table><\/figure>\n<!-- \/wp:table -->","_et_gb_content_width":"","footnotes":""},"class_list":["post-2","page","type-page","status-publish","hentry"],"_links":{"self":[{"href":"https:\/\/www.leasefactory.de\/index.php?rest_route=\/wp\/v2\/pages\/2","targetHints":{"allow":["GET"]}}],"collection":[{"href":"https:\/\/www.leasefactory.de\/index.php?rest_route=\/wp\/v2\/pages"}],"about":[{"href":"https:\/\/www.leasefactory.de\/index.php?rest_route=\/wp\/v2\/types\/page"}],"author":[{"embeddable":true,"href":"https:\/\/www.leasefactory.de\/index.php?rest_route=\/wp\/v2\/users\/1"}],"replies":[{"embeddable":true,"href":"https:\/\/www.leasefactory.de\/index.php?rest_route=%2Fwp%2Fv2%2Fcomments&post=2"}],"version-history":[{"count":5,"href":"https:\/\/www.leasefactory.de\/index.php?rest_route=\/wp\/v2\/pages\/2\/revisions"}],"predecessor-version":[{"id":15,"href":"https:\/\/www.leasefactory.de\/index.php?rest_route=\/wp\/v2\/pages\/2\/revisions\/15"}],"wp:attachment":[{"href":"https:\/\/www.leasefactory.de\/index.php?rest_route=%2Fwp%2Fv2%2Fmedia&parent=2"}],"curies":[{"name":"wp","href":"https:\/\/api.w.org\/{rel}","templated":true}]}}